{"id":323,"date":"2021-01-07T09:36:59","date_gmt":"2021-01-07T09:36:59","guid":{"rendered":"https:\/\/muzarugs.k-clients.com\/about\/"},"modified":"2021-11-30T09:45:52","modified_gmt":"2021-11-30T09:45:52","slug":"about","status":"publish","type":"page","link":"https:\/\/muzarugs.com\/sq\/about\/","title":{"rendered":"P\u00ebr ne"},"content":{"rendered":"\n<p>Pas stories s\u00eb suksesit si bashk\u00ebthemeluese t\u00eb studios s\u00eb interierit dhe arkitektur\u00ebs \u201cMuza\u201d, Fitorja dhe Njomza po vazhdojn\u00eb \u00ebndrr\u00ebn e tyre t\u00eb kahershme p\u00ebr prodhimin e produkteve. K\u00ebshtu, ato tanim\u00eb kan\u00eb krijuar brendin e par\u00eb n\u00eb Kosov\u00eb &#8211; \u201cMuza Rugs\u201d. Ky brend sjell tepih t\u00eb dizajnuar n\u00eb m\u00ebnyr\u00eb t\u00eb ve\u00e7ant\u00eb dhe t\u00eb punuar hand-tufted. Si motiv kryesor i k\u00ebtij brendi, \u00ebsht\u00eb rikrijimi dhe sjellja n\u00eb pah e vlerave tona kulturore e tradicionale.<\/p>\n\n\n\n<p>Populli yn\u00eb, me nj\u00eb histori t\u00eb gjer\u00eb ndaj \u201cshtrojave\u201d, do ta ket\u00eb mund\u00ebsin\u00eb q\u00eb n\u00eb nj\u00eb form\u00eb shum\u00eb m\u00eb t\u00eb sofistikuar dhe moderne, ta shijoj\u00eb larmin\u00eb e ngjyrave e formave t\u00eb g\u00ebrshetuara bashk\u00eb n\u00eb nj\u00eb tepih i cili doemos do ta ket\u00eb rolin e tij t\u00eb ve\u00e7ant\u00eb n\u00eb ambientet e ngrohta t\u00eb familjes.<\/p>\n\n\n\n<p>Me nj\u00eb entuziaz\u00ebm t\u00eb jasht\u00ebzakonsh\u00ebm dhe p\u00ebrkushtim t\u00eb madh, k\u00ebto dy artiste t\u00eb reja e b\u00ebjn\u00eb t\u00eb mundshme, at\u00eb q\u00eb mund t\u00eb duket e pamundshme. Rruga e tyre, si dy partnere e dy shoqe t\u00eb ngushta, u bashkua n\u00eb nj\u00eb pasion, ide dhe q\u00ebllim t\u00eb p\u00ebrbashk\u00ebt! Kjo e b\u00ebn edhe m\u00eb t\u00eb k\u00ebndshme t\u00eb gjith\u00eb storien&#8230;<\/p>\n","protected":false},"excerpt":{"rendered":"<p>Pas stories s\u00eb suksesit si bashk\u00ebthemeluese t\u00eb studios s\u00eb interierit dhe arkitektur\u00ebs \u201cMuza\u201d, Fitorja dhe Njomza po vazhdojn\u00eb \u00ebndrr\u00ebn e tyre t\u00eb kahershme p\u00ebr prodhimin e produkteve. K\u00ebshtu, ato tanim\u00eb kan\u00eb krijuar brendin e par\u00eb n\u00eb Kosov\u00eb &#8211; \u201cMuza Rugs\u201d. Ky brend sjell tepih t\u00eb dizajnuar n\u00eb m\u00ebnyr\u00eb t\u00eb ve\u00e7ant\u00eb dhe t\u00eb punuar hand-tufted. Si &hellip; <a href=\"https:\/\/muzarugs.com\/sq\/about\/\">Continued<\/a><\/p>\n","protected":false},"author":1,"featured_media":557,"parent":0,"menu_order":0,"comment_status":"closed","ping_status":"closed","template":"","meta":[],"acf":[],"yoast_head":"<!-- This site is optimized with the Yoast SEO plugin v17.4 - https:\/\/yoast.com\/wordpress\/plugins\/seo\/ -->\n<title>P\u00ebr ne - Muza Rugs<\/title>\n<meta name=\"robots\" content=\"index, follow, max-snippet:-1, max-image-preview:large, max-video-preview:-1\" \/>\n<link rel=\"canonical\" href=\"https:\/\/muzarugs.com\/sq\/about\/\" \/>\n<meta property=\"og:locale\" content=\"sq_AL\" \/>\n<meta property=\"og:type\" content=\"article\" \/>\n<meta property=\"og:title\" content=\"P\u00ebr ne - Muza Rugs\" \/>\n<meta property=\"og:description\" content=\"Pas stories s\u00eb suksesit si bashk\u00ebthemeluese t\u00eb studios s\u00eb interierit dhe arkitektur\u00ebs \u201cMuza\u201d, Fitorja dhe Njomza po vazhdojn\u00eb \u00ebndrr\u00ebn e tyre t\u00eb kahershme p\u00ebr prodhimin e produkteve. K\u00ebshtu, ato tanim\u00eb kan\u00eb krijuar brendin e par\u00eb n\u00eb Kosov\u00eb &#8211; \u201cMuza Rugs\u201d. Ky brend sjell tepih t\u00eb dizajnuar n\u00eb m\u00ebnyr\u00eb t\u00eb ve\u00e7ant\u00eb dhe t\u00eb punuar hand-tufted. Si &hellip; Continued\" \/>\n<meta property=\"og:url\" content=\"https:\/\/muzarugs.com\/sq\/about\/\" \/>\n<meta property=\"og:site_name\" content=\"Muza Rugs\" \/>\n<meta property=\"article:modified_time\" content=\"2021-11-30T09:45:52+00:00\" \/>\n<meta property=\"og:image\" content=\"https:\/\/muzarugs.com\/app\/uploads\/2021\/10\/MicrosoftTeams-image-1-scaled.jpg\" \/>\n\t<meta property=\"og:image:width\" content=\"1887\" \/>\n\t<meta property=\"og:image:height\" content=\"2560\" \/>\n<meta name=\"twitter:card\" content=\"summary_large_image\" \/>\n<meta name=\"twitter:label1\" content=\"Est. reading time\" \/>\n\t<meta name=\"twitter:data1\" content=\"1 minute\" \/>\n<script type=\"application\/ld+json\" class=\"yoast-schema-graph\">{\"@context\":\"https:\/\/schema.org\",\"@graph\":[{\"@type\":\"WebSite\",\"@id\":\"https:\/\/muzarugs.com\/#website\",\"url\":\"https:\/\/muzarugs.com\/\",\"name\":\"Muza Rugs\",\"description\":\"HARMONY COLLECTION\",\"potentialAction\":[{\"@type\":\"SearchAction\",\"target\":{\"@type\":\"EntryPoint\",\"urlTemplate\":\"https:\/\/muzarugs.com\/?s={search_term_string}\"},\"query-input\":\"required name=search_term_string\"}],\"inLanguage\":\"sq-AL\"},{\"@type\":\"ImageObject\",\"@id\":\"https:\/\/muzarugs.com\/sq\/about\/#primaryimage\",\"inLanguage\":\"sq-AL\",\"url\":\"https:\/\/muzarugs.com\/app\/uploads\/2021\/10\/MicrosoftTeams-image-1-scaled.jpg\",\"contentUrl\":\"https:\/\/muzarugs.com\/app\/uploads\/2021\/10\/MicrosoftTeams-image-1-scaled.jpg\",\"width\":1887,\"height\":2560},{\"@type\":\"WebPage\",\"@id\":\"https:\/\/muzarugs.com\/sq\/about\/#webpage\",\"url\":\"https:\/\/muzarugs.com\/sq\/about\/\",\"name\":\"P\\u00ebr ne - Muza Rugs\",\"isPartOf\":{\"@id\":\"https:\/\/muzarugs.com\/#website\"},\"primaryImageOfPage\":{\"@id\":\"https:\/\/muzarugs.com\/sq\/about\/#primaryimage\"},\"datePublished\":\"2021-01-07T09:36:59+00:00\",\"dateModified\":\"2021-11-30T09:45:52+00:00\",\"breadcrumb\":{\"@id\":\"https:\/\/muzarugs.com\/sq\/about\/#breadcrumb\"},\"inLanguage\":\"sq-AL\",\"potentialAction\":[{\"@type\":\"ReadAction\",\"target\":[\"https:\/\/muzarugs.com\/sq\/about\/\"]}]},{\"@type\":\"BreadcrumbList\",\"@id\":\"https:\/\/muzarugs.com\/sq\/about\/#breadcrumb\",\"itemListElement\":[{\"@type\":\"ListItem\",\"position\":1,\"name\":\"Home\",\"item\":\"https:\/\/muzarugs.com\/sq\/\"},{\"@type\":\"ListItem\",\"position\":2,\"name\":\"P\\u00ebr ne\"}]}]}<\/script>\n<!-- \/ Yoast SEO plugin. -->","yoast_head_json":{"title":"P\u00ebr ne - Muza Rugs","robots":{"index":"index","follow":"follow","max-snippet":"max-snippet:-1","max-image-preview":"max-image-preview:large","max-video-preview":"max-video-preview:-1"},"canonical":"https:\/\/muzarugs.com\/sq\/about\/","og_locale":"sq_AL","og_type":"article","og_title":"P\u00ebr ne - Muza Rugs","og_description":"Pas stories s\u00eb suksesit si bashk\u00ebthemeluese t\u00eb studios s\u00eb interierit dhe arkitektur\u00ebs \u201cMuza\u201d, Fitorja dhe Njomza po vazhdojn\u00eb \u00ebndrr\u00ebn e tyre t\u00eb kahershme p\u00ebr prodhimin e produkteve. K\u00ebshtu, ato tanim\u00eb kan\u00eb krijuar brendin e par\u00eb n\u00eb Kosov\u00eb &#8211; \u201cMuza Rugs\u201d. Ky brend sjell tepih t\u00eb dizajnuar n\u00eb m\u00ebnyr\u00eb t\u00eb ve\u00e7ant\u00eb dhe t\u00eb punuar hand-tufted. Si &hellip; Continued","og_url":"https:\/\/muzarugs.com\/sq\/about\/","og_site_name":"Muza Rugs","article_modified_time":"2021-11-30T09:45:52+00:00","og_image":[{"width":1887,"height":2560,"url":"https:\/\/muzarugs.com\/app\/uploads\/2021\/10\/MicrosoftTeams-image-1-scaled.jpg","type":"image\/jpeg"}],"twitter_card":"summary_large_image","twitter_misc":{"Est. reading time":"1 minute"},"schema":{"@context":"https:\/\/schema.org","@graph":[{"@type":"WebSite","@id":"https:\/\/muzarugs.com\/#website","url":"https:\/\/muzarugs.com\/","name":"Muza Rugs","description":"HARMONY COLLECTION","potentialAction":[{"@type":"SearchAction","target":{"@type":"EntryPoint","urlTemplate":"https:\/\/muzarugs.com\/?s={search_term_string}"},"query-input":"required name=search_term_string"}],"inLanguage":"sq-AL"},{"@type":"ImageObject","@id":"https:\/\/muzarugs.com\/sq\/about\/#primaryimage","inLanguage":"sq-AL","url":"https:\/\/muzarugs.com\/app\/uploads\/2021\/10\/MicrosoftTeams-image-1-scaled.jpg","contentUrl":"https:\/\/muzarugs.com\/app\/uploads\/2021\/10\/MicrosoftTeams-image-1-scaled.jpg","width":1887,"height":2560},{"@type":"WebPage","@id":"https:\/\/muzarugs.com\/sq\/about\/#webpage","url":"https:\/\/muzarugs.com\/sq\/about\/","name":"P\u00ebr ne - Muza Rugs","isPartOf":{"@id":"https:\/\/muzarugs.com\/#website"},"primaryImageOfPage":{"@id":"https:\/\/muzarugs.com\/sq\/about\/#primaryimage"},"datePublished":"2021-01-07T09:36:59+00:00","dateModified":"2021-11-30T09:45:52+00:00","breadcrumb":{"@id":"https:\/\/muzarugs.com\/sq\/about\/#breadcrumb"},"inLanguage":"sq-AL","potentialAction":[{"@type":"ReadAction","target":["https:\/\/muzarugs.com\/sq\/about\/"]}]},{"@type":"BreadcrumbList","@id":"https:\/\/muzarugs.com\/sq\/about\/#breadcrumb","itemListElement":[{"@type":"ListItem","position":1,"name":"Home","item":"https:\/\/muzarugs.com\/sq\/"},{"@type":"ListItem","position":2,"name":"P\u00ebr ne"}]}]}},"_links":{"self":[{"href":"https:\/\/muzarugs.com\/sq\/wp-json\/wp\/v2\/pages\/323"}],"collection":[{"href":"https:\/\/muzarugs.com\/sq\/wp-json\/wp\/v2\/pages"}],"about":[{"href":"https:\/\/muzarugs.com\/sq\/wp-json\/wp\/v2\/types\/page"}],"author":[{"embeddable":true,"href":"https:\/\/muzarugs.com\/sq\/wp-json\/wp\/v2\/users\/1"}],"replies":[{"embeddable":true,"href":"https:\/\/muzarugs.com\/sq\/wp-json\/wp\/v2\/comments?post=323"}],"version-history":[{"count":5,"href":"https:\/\/muzarugs.com\/sq\/wp-json\/wp\/v2\/pages\/323\/revisions"}],"predecessor-version":[{"id":856,"href":"https:\/\/muzarugs.com\/sq\/wp-json\/wp\/v2\/pages\/323\/revisions\/856"}],"wp:featuredmedia":[{"embeddable":true,"href":"https:\/\/muzarugs.com\/sq\/wp-json\/wp\/v2\/media\/557"}],"wp:attachment":[{"href":"https:\/\/muzarugs.com\/sq\/wp-json\/wp\/v2\/media?parent=323"}],"curies":[{"name":"wp","href":"https:\/\/api.w.org\/{rel}","templated":true}]}}